{"id":2079,"date":"2023-10-20T09:09:10","date_gmt":"2023-10-20T09:09:10","guid":{"rendered":"https:\/\/fzeenretreats.dope.studio\/subscribe-to-our-newsletter\/"},"modified":"2025-07-23T12:38:57","modified_gmt":"2025-07-23T12:38:57","slug":"subscribe-to-our-newsletter","status":"publish","type":"page","link":"https:\/\/www.fzeenretreats.com\/fr\/subscribe-to-our-newsletter\/","title":{"rendered":"RESTEZ CONNECT\u00c9S POUR DES MISES \u00c0 JOUR EXCLUSIVES"},"content":{"rendered":"\n<h2 class=\"wp-block-heading has-text-align-center f-30 mb-5\">S&rsquo;INSCRIRE<\/h2>\n\n\n\n<p class=\"has-text-align-center mb-5\">Plongez dans l&rsquo;univers du luxe et du bien-\u00eatre en vous inscrivant \u00e0 nos mises \u00e0 jour exclusives. Tenez-vous inform\u00e9 de nos \u00e9v\u00e9nements et exp\u00e9riences uniques, d\u00e9couvrez nos produits m\u00e9ticuleusement \u00e9labor\u00e9s et soyez le premier \u00e0 conna\u00eetre nos derni\u00e8res nouvelles.<\/p>\n\n\n\n<div id=\"mc_embed_shell\">\n    <div id=\"mc_embed_signup\">\n       <form action=\"https:\/\/fzeenretreat.us10.list-manage.com\/subscribe\/post?u=2be579ad7da78452742b31065&amp;id=09f711ddab&amp;v_id=5460&amp;f_id=002824e2f0\" method=\"post\" id=\"mc-embedded-subscribe-form\" name=\"mc-embedded-subscribe-form\" class=\"validate\" target=\"_self\" novalidate=\"\">\n            <div id=\"mc_embed_signup_scroll\">\n                <div class=\"mc-field-group mb-5\">\n                    <label class=\"f-22 mb-4\" for=\"mce-EMAIL\">Email<\/label>\n                    <input type=\"email\" name=\"EMAIL\" class=\"required email\" id=\"mce-EMAIL\" required=\"\" value=\"\">\n                <\/div>\n                <span class=\"d-inline-block f-22 mb-3\">S\u00c9LECTIONNEZ LES SUJETS QUI VOUS INT\u00c9RESSENT<\/span>\n                <div class=\"mc-field-group input-group mb-5\">\n                    <ul class=\"ps-0\">\n                        <li>\n                            <input type=\"checkbox\" name=\"group[493980][1]\" id=\"mce-group[493980]-493980-0\" value=\"\">\n                            <label for=\"mce-group[493980]-493980-0\">F ZEEN RETREATS<\/label>\n                        <\/li>\n                        <li><input type=\"checkbox\" name=\"group[493980][2]\" id=\"mce-group[493980]-493980-1\" value=\"\">\n                            <label for=\"mce-group[493980]-493980-1\">F ZEEN ATH\u00c8NES<\/label>\n                        <\/li>\n                        <li>\n                            <input type=\"checkbox\" name=\"group[493980][4]\" id=\"mce-group[493980]-493980-2\" value=\"\">\n                            <label for=\"mce-group[493980]-493980-2\">F ZEEN C\u00c9FALONIE<\/label>\n                        <\/li>\n                        <li>\n                            <input type=\"checkbox\" name=\"group[493980][8]\" id=\"mce-group[493980]-493980-3\" value=\"\">\n                            <label for=\"mce-group[493980]-493980-3\">F ZEEN BOUTIQUE<\/label>\n                        <\/li>\n                    <\/ul>\n            <\/div>\n            <div id=\"mce-responses\" class=\"clear mb-5\">\n                <div class=\"response\" id=\"mce-error-response\" style=\"display: none;\"><\/div>\n                <div class=\"response\" id=\"mce-success-response\" style=\"display: none;\"><\/div>\n            <\/div>\n            <div aria-hidden=\"true\" style=\"position: absolute; left: -5000px;\">\n                <input type=\"text\" name=\"b_2be579ad7da78452742b31065_8d7e4ec5ac\" tabindex=\"-1\" value=\"\">\n            <\/div>\n            <div class=\"mb-8\">\n                <input type=\"submit\" name=\"subscribe\" id=\"mc-embedded-subscribe\" class=\"btn btn-beige\" value=\"S'INSCRIRE\">\n            <\/div>\n            <div id=\"mergeRow-gdpr\" class=\"mergeRow gdpr-mergeRow content__gdprBlock mc-field-group\">\n                <div class=\"content__gdprLegal\">\n                    <fieldset class=\"mc_fieldset gdprRequired mc-field-group\" name=\"interestgroup_field\">\n                        <div class=\"d-flex\">\n                            <input type=\"checkbox\" id=\"gdpr_60108\" name=\"gdpr[60108]\" class=\"gdpr\" value=\"Y\">\n                            <p>EN RELATION AVEC LES EXIGENCES DU R\u00c8GLEMENT DE L&rsquo;UE 2016\/679 (GDPR), J&rsquo;ACCEPTE LE TRAITEMENT DE MES DONN\u00c9ES PERSONNELLES ET LA R\u00c9CEPTION DE MISES \u00c0 JOUR CONCERNANT DES EXP\u00c9RIENCES EXCLUSIVES, DES \u00c9V\u00c9NEMENTS, DE NOUVELLES DESTINATIONS ET PLUS ENCORE, CONFORM\u00c9MENT \u00c0 <a target=\"_blank\" href=\"https:\/\/www.fzeenretreats.com\/fr\/privacy-policy\/\" rel=\"noopener\">LA POLITIQUE DE CONFIDENTIALIT\u00c9<\/a><\/p>\n                        <\/div>\n                    <\/fieldset>\n                <\/div>\n            <\/div>\n        <\/div>\n    <\/form>\n    <\/div>\n    <script type=\"text\/javascript\" src=\"\/\/s3.amazonaws.com\/downloads.mailchimp.com\/js\/mc-validate.js\"><\/script><script type=\"text\/javascript\">(function($) {window.fnames = new Array(); window.ftypes = new Array();fnames[0]='EMAIL';ftypes[0]='email';}(jQuery));var $mcj = jQuery.noConflict(true);$mcj.extend($mcj.validator.messages, {\n        required: \"Veuillez remplir ce champ.\",\n        remote: \"Please fix this field.\",\n        email: \"L'adresse \u00e9lectronique que vous avez fournie est erron\u00e9e.\",\n        url: \"Please enter a valid URL.\",\n        date: \"Please enter a valid date.\",\n        dateISO: \"Please enter a valid date (ISO).\",\n        number: \"Please enter a valid number.\",\n        digits: \"Please enter only digits.\",\n        creditcard: \"Please enter a valid credit card number.\",\n        equalTo: \"Please enter the same value again.\",\n        accept: \"Please enter a value with a valid extension.\",\n        maxlength: $mcj.validator.format(\"Please enter no more than {0} characters.\"),\n        minlength: $mcj.validator.format(\"Please enter at least {0} characters.\"),\n        rangelength: $mcj.validator.format(\"Please enter a value between {0} and {1} characters long.\"),\n        range: $mcj.validator.format(\"Please enter a value between {0} and {1}.\"),\n        max: $mcj.validator.format(\"Please enter a value less than or equal to {0}.\"),\n        min: $mcj.validator.format(\"Please enter a value greater than or equal to {0}.\"),\n        mc_birthday: \"Please enter a valid month and day.\",\n        mc_date: \"Please enter a valid date.\",\n        mc_phone: \"Please enter a valid phone number.\",\n        mc_gdpr: \"Vous devez accepter les termes et conditions\",\n    });<\/script>\n<\/div>\n","protected":false},"excerpt":{"rendered":"<p>S&rsquo;INSCRIRE Plongez dans l&rsquo;univers du luxe et du bien-\u00eatre en vous inscrivant \u00e0 nos mises \u00e0 jour exclusives. Tenez-vous inform\u00e9 de nos \u00e9v\u00e9nements et exp\u00e9riences uniques, d\u00e9couvrez nos produits m\u00e9ticuleusement \u00e9labor\u00e9s et soyez le premier \u00e0 conna\u00eetre nos derni\u00e8res nouvelles. Email S\u00c9LECTIONNEZ LES SUJETS QUI VOUS INT\u00c9RESSENT F ZEEN RETREATS F ZEEN ATH\u00c8NES F ZEEN [&hellip;]<\/p>\n","protected":false},"author":5,"featured_media":1910,"parent":0,"menu_order":0,"comment_status":"closed","ping_status":"closed","template":"page-plain-narrow.php","meta":{"_acf_changed":false,"om_disable_all_campaigns":false,"_monsterinsights_skip_tracking":false,"_monsterinsights_sitenote_active":false,"_monsterinsights_sitenote_note":"","_monsterinsights_sitenote_category":0,"_uf_show_specific_survey":0,"_uf_disable_surveys":false,"footnotes":""},"location":[8],"class_list":["post-2079","page","type-page","status-publish","has-post-thumbnail","hentry","location-fzeen-retreats"],"acf":[],"aioseo_notices":[],"_links":{"self":[{"href":"https:\/\/www.fzeenretreats.com\/fr\/wp-json\/wp\/v2\/pages\/2079","targetHints":{"allow":["GET"]}}],"collection":[{"href":"https:\/\/www.fzeenretreats.com\/fr\/wp-json\/wp\/v2\/pages"}],"about":[{"href":"https:\/\/www.fzeenretreats.com\/fr\/wp-json\/wp\/v2\/types\/page"}],"author":[{"embeddable":true,"href":"https:\/\/www.fzeenretreats.com\/fr\/wp-json\/wp\/v2\/users\/5"}],"replies":[{"embeddable":true,"href":"https:\/\/www.fzeenretreats.com\/fr\/wp-json\/wp\/v2\/comments?post=2079"}],"version-history":[{"count":4,"href":"https:\/\/www.fzeenretreats.com\/fr\/wp-json\/wp\/v2\/pages\/2079\/revisions"}],"predecessor-version":[{"id":7693,"href":"https:\/\/www.fzeenretreats.com\/fr\/wp-json\/wp\/v2\/pages\/2079\/revisions\/7693"}],"wp:featuredmedia":[{"embeddable":true,"href":"https:\/\/www.fzeenretreats.com\/fr\/wp-json\/wp\/v2\/media\/1910"}],"wp:attachment":[{"href":"https:\/\/www.fzeenretreats.com\/fr\/wp-json\/wp\/v2\/media?parent=2079"}],"wp:term":[{"taxonomy":"location","embeddable":true,"href":"https:\/\/www.fzeenretreats.com\/fr\/wp-json\/wp\/v2\/location?post=2079"}],"curies":[{"name":"wp","href":"https:\/\/api.w.org\/{rel}","templated":true}]}}